{"id":2591,"date":"2023-05-22T06:03:34","date_gmt":"2023-05-22T09:03:34","guid":{"rendered":"http:\/\/www.eduardomurad.com.br\/index.php\/produto\/album\/"},"modified":"2026-03-30T13:47:09","modified_gmt":"2026-03-30T16:47:09","slug":"palcon","status":"publish","type":"product","link":"http:\/\/www.eduardomurad.com.br\/index.php\/produto\/palcon\/","title":{"rendered":"PalcoN: ideias que comunicam"},"content":{"rendered":"<p class=\"has-vivid-cyan-blue-color has-text-color has-medium-font-size\"><strong>Os professores<\/strong><\/p>\n<p><strong>Eduardo Murad<\/strong><br \/>\nPor acreditar que o grande diferencial competitivo das organiza\u00e7\u00f5es \u00e9 o seu capital humano, como Head Trainer adota m\u00faltiplas metodologias de treinamento e acompanhamento para dar suporte aos seus clientes a conquistarem os objetivos, de forma humanizada e estrat\u00e9gica.<br \/>\nDoutor em Comunica\u00e7\u00e3o (USP), Professor e Coordenador da Gradua\u00e7\u00e3o de Comunica\u00e7\u00e3o Social &#8211; Publicidade e Propaganda da UFF, h\u00e1 24 anos trabalha com desenvolvimento territorial, empreendedorismo e lideran\u00e7a. Professional e Team Coach (SLAC). Facilitador e Mediador online, Storyteller.<br \/>\nPublicit\u00e1rio (UFF), Consultor de comunica\u00e7\u00e3o e marketing, implantou projetos de Team Building, Desenvolvimento de Lideran\u00e7as, Comunica\u00e7\u00e3o de Impacto, Comunica\u00e7\u00e3o para Lideran\u00e7a e Negocia\u00e7\u00e3o para empresas como Shell, VALE, Grupo P\u00e3o de A\u00e7\u00facar, Carrefour, Portal do Volunt\u00e1rio e Accenture, DNV, Geosoft, Projac \u2013 Globo\/RJ, CSU, Andrade Gutierrez, IBGE, Queiroz Galv\u00e3o, Engetec , Oi e Totvs.<br \/>\n\u00c9 s\u00f3cio consultor da Org\u00e2nica, Treinamento e Desenvolvimento, membro consultor do HUB757 e mediador dos PodCasts Desconstruindo e do Start Reputacional.<\/p>\n<p><strong>Ricardo Campos<\/strong><br \/>\nDesigner de corpo e alma, clarinetista de cora\u00e7\u00e3o, remador de canoa havaiana, formado em Desenho Industrial com \u00eanfase em Programa\u00e7\u00e3o Visual, especialista em Comunica\u00e7\u00e3o Organizacional pela UNESA e mestrando em Educa\u00e7\u00e3o Superior na Universidad Nacional de Ros\u00e1rio \u2013 Argentina.<br \/>\nH\u00e1 mais de 20 anos no mercado ja passou por diversas organiza\u00e7\u00f5es e projetou para uma infinidade de tantas outras. Lecionou no IBMEC nas gradu\u00e7\u00f5es de Propaganda e Marketing e Jornalismo, na Escola de Moda da UNESA nas disciplinas de Comunica\u00e7\u00e3o Visual, Processos Gr\u00e1ficos e Computa\u00e7\u00e3o Gr\u00e1fica, na P\u00f3s-Gradua\u00e7\u00e3o de Projetos Web da UNESA, no SENAI Artes Gr\u00e1ficas lecionando Projetos Gr\u00e1ficos impresso e digital (com foco em Cultura Visual e Educa\u00e7\u00e3o do Olhar). Diversas palestras na semana de moda Fashion Rio e S\u00f3cio no Ideia Caf\u00e9 com in\u00fameros projetos com Luciano Tardin. Atualmente residindo em Saarbr\u00fccken \u2013 Alemanha desde 2017, desenvolve projetos germano\/cariocas.<\/p>\n","protected":false},"excerpt":{"rendered":"<p>Aproveite a oportunidade de se tornar um comunicador excepcional e causar um impacto duradouro em suas apresenta\u00e7\u00f5es! Inscreva-se agora mesmo no curso PalcoN: ideias que comunicam! Desenvolva suas habilidades de orat\u00f3ria. Em um programa pr\u00e1tico e din\u00e2mico, voc\u00ea aprender\u00e1 as melhores t\u00e9cnicas de planejamento, gest\u00e3o do tempo, intera\u00e7\u00e3o com a plateia e storytelling, tudo isso inspirado nos melhores palestrantes e especialistas do mercado. Reserve as datas na sua agenda: o curso acontecer\u00e1 atrav\u00e9s da plataforma Zoom, nos dias A DEFINIR, sextas-feiras das 19h \u00e0s 22h e s\u00e1bados das 9h \u00e0s 18h, com 1h30 de almo\u00e7o.<\/p>\n<p>Aproveite os descontos de parceiros e alunos!<\/p>\n<p><strong>Parcel\u00e1vel em at\u00e9 6x<\/strong>.<\/p>\n<p>Invista agora em seu desenvolvimento profissional e conquiste o sucesso como um comunicador estrat\u00e9gico e impactante!<\/p>\n","protected":false},"featured_media":2592,"comment_status":"open","ping_status":"closed","template":"","meta":[],"product_brand":[],"product_cat":[176],"product_tag":[],"class_list":{"0":"post-2591","1":"product","2":"type-product","3":"status-publish","4":"has-post-thumbnail","6":"product_cat-sem-categoria","7":"post-has-thumbnail","9":"first","10":"instock","11":"featured","12":"virtual","13":"purchasable","14":"product-type-simple"},"_links":{"self":[{"href":"http:\/\/www.eduardomurad.com.br\/index.php\/wp-json\/wp\/v2\/product\/2591","targetHints":{"allow":["GET"]}}],"collection":[{"href":"http:\/\/www.eduardomurad.com.br\/index.php\/wp-json\/wp\/v2\/product"}],"about":[{"href":"http:\/\/www.eduardomurad.com.br\/index.php\/wp-json\/wp\/v2\/types\/product"}],"replies":[{"embeddable":true,"href":"http:\/\/www.eduardomurad.com.br\/index.php\/wp-json\/wp\/v2\/comments?post=2591"}],"wp:featuredmedia":[{"embeddable":true,"href":"http:\/\/www.eduardomurad.com.br\/index.php\/wp-json\/wp\/v2\/media\/2592"}],"wp:attachment":[{"href":"http:\/\/www.eduardomurad.com.br\/index.php\/wp-json\/wp\/v2\/media?parent=2591"}],"wp:term":[{"taxonomy":"product_brand","embeddable":true,"href":"http:\/\/www.eduardomurad.com.br\/index.php\/wp-json\/wp\/v2\/product_brand?post=2591"},{"taxonomy":"product_cat","embeddable":true,"href":"http:\/\/www.eduardomurad.com.br\/index.php\/wp-json\/wp\/v2\/product_cat?post=2591"},{"taxonomy":"product_tag","embeddable":true,"href":"http:\/\/www.eduardomurad.com.br\/index.php\/wp-json\/wp\/v2\/product_tag?post=2591"}],"curies":[{"name":"wp","href":"https:\/\/api.w.org\/{rel}","templated":true}]}}