{"id":164,"date":"2019-08-20T15:03:00","date_gmt":"2019-08-20T18:03:00","guid":{"rendered":"http:\/\/eduardomurad.com.br\/?page_id=164"},"modified":"2019-09-02T13:24:23","modified_gmt":"2019-09-02T16:24:23","slug":"narrativas-corporativas-improviso-e-presenca-de-palco","status":"publish","type":"page","link":"https:\/\/www.eduardomurad.com.br\/index.php\/cursos-abertos\/narrativas-corporativas-improviso-e-presenca-de-palco\/","title":{"rendered":""},"content":{"rendered":"\n<h2 class=\"wp-block-heading\">EnCena<\/h2>\n\n\n\n<h4 class=\"wp-block-heading\">Desenvolva narrativas atraentes, criativas e impactantes. Aprenda a usar sua voz, a linguagem corporal e a improvisar.<\/h4>\n\n\n\n<p>Devo fazer o curso?<\/p>\n\n\n\n<p>A maioria das vezes em que precisamos expor nossas ideias, \u00e9 de improviso, sem suporte de materiais gr\u00e1ficos, v\u00eddeos ou \u00e1udios. Reuni\u00f5es, feedbacks, entrevistas e debates, intera\u00e7\u00f5es de trabalho e sociais s\u00e3o uma realidade cotidiana. Suas linguagens &#8211; verbal e n\u00e3o verbal &#8211; s\u00e3o fundamentais para gerar interesse e empatia com seus interlocutores. O curso aprofundar\u00e1 seus conhecimentos pr\u00e1ticos em organizar suas ideias a partir de um eixo central, definindo o conte\u00fado a partir dos objetivos e do perfil da plateia. Analisar\u00e1 o ambiente e como o espa\u00e7o f\u00edsico pode lhe ajudar a criar impacto. O aluno, de forma pr\u00e1tica e aplic\u00e1vel em seu dia a dia, aprender\u00e1 a improvisar e gerar impacto em sua audi\u00eancia.<\/p>\n\n\n\n<p>O curso \u00e9 o <strong>2\u00ba m\u00f3dulo de 3<\/strong>. Passa por toda a metodologia P.A.L.C.O. N, consagrada e usada em centenas de cursos abertos, disciplinas em universidades, InCompany e Coach de executivos. A \u00eanfase est\u00e1 na intera\u00e7\u00e3o com a plateia, perguntas e respostas, obje\u00e7\u00f5es e o improviso. Seu gestual, o tom de voz e os recursos de PNL s\u00e3o pontos essenciais desse m\u00f3dulo.<\/p>\n\n\n\n<h4 class=\"wp-block-heading\">Objetivos Gerais<\/h4>\n\n\n\n<p>Desenvolver\na capacidade de falar o essencial e convencer sua plateia. Aprofundar os\nconhecimentos em narrativas, objetividade e din\u00e2mica de palco. Aprofundar as\ncompet\u00eancias e orat\u00f3ria e improviso.<\/p>\n\n\n\n<h4 class=\"wp-block-heading\">Dura\u00e7\u00e3o: 16h<\/h4>\n\n\n\n<h4 class=\"wp-block-heading\">Data e local da pr\u00f3xima turma:<strong> em aberto<\/strong><\/h4>\n\n\n\n<h4 class=\"wp-block-heading\">A quem se destina<\/h4>\n\n\n\n<p>&#8211; Jovens profissionais em in\u00edcio de carreira que queiram se diferenciar no mercado.<\/p>\n\n\n\n<p>&#8211; Executivos e empreendedores.<\/p>\n\n\n\n<p>&#8211; Professores, palestrantes e pesquisadores.<\/p>\n\n\n\n<p>&#8211; L\u00edderes organizacionais.<\/p>\n\n\n\n<p>&#8211; Profissionais Liberais e aut\u00f4nomos.<\/p>\n\n\n\n<h4 class=\"wp-block-heading\">Programa do curso<\/h4>\n\n\n\n<p>1 \u2013 T\u00e9cnicas de Improviso<\/p>\n\n\n\n<ul class=\"wp-block-list\"><li>Adapta\u00e7\u00e3o de tempo: redu\u00e7\u00e3o e amplia\u00e7\u00e3o\n     da narrativa.<\/li><li>Gest\u00e3o de tempo: distribui\u00e7\u00e3o do\n     tempo pelos conte\u00fados e sua relev\u00e2ncia.<\/li><li>Perguntas e respostas em\n     intera\u00e7\u00f5es.<\/li><li>Debates e entrevistas: lidando\n     com obje\u00e7\u00f5es e perguntas evasivas.<\/li><li>Improviso livre.<\/li><li>Os 3 SIMs do improviso.<\/li><\/ul>\n\n\n\n<p>2 \u2013 Recursos narrativos<\/p>\n\n\n\n<ul class=\"wp-block-list\"><li>Personagens e estruturas\n     narrativas.<\/li><li>L\u00f3gica em orat\u00f3ria: dedu\u00e7\u00e3o,\n     indu\u00e7\u00e3o e abdu\u00e7\u00e3o.<\/li><li>Ganchos mnem\u00f4nicos.<\/li><li>Plot twist narrativo:\n     surpreendendo a plateia.<\/li><\/ul>\n\n\n\n<p>3 \u2013 Arquitetura de Informa\u00e7\u00e3o<\/p>\n\n\n\n<ul class=\"wp-block-list\"><li>Conte\u00fado x objetivo.<\/li><li>Narrativas lineares e\n     n\u00e3o-lineares.<\/li><li>Hierarquia e ordem narrativa.<\/li><li>Recursos de planejamento em\n     improviso.<\/li><\/ul>\n\n\n\n<p>4 \u2013 Din\u00e2mica de palco<\/p>\n\n\n\n<ul class=\"wp-block-list\"><li>Uso do espa\u00e7o f\u00edsico.<\/li><li>Linguagem n\u00e3o verbal: posi\u00e7\u00f5es de\n     corpo, gestos e olhares.<\/li><li>Micro express\u00f5es faciais e a\n     emo\u00e7\u00e3o no palco<\/li><li>Uso do humor.<\/li><\/ul>\n\n\n\n<h4 class=\"wp-block-heading\">Bibliografia: <\/h4>\n\n\n\n<ul class=\"wp-block-list\"><li>POLITO, Reinaldo. Como Falar de Improviso e Outras T\u00e9cnicas de Apresenta\u00e7\u00e3o.      Benvir\u00e1 Editora.<\/li><li>SPOLIN, Viola. Jogos Teatrais: o fich\u00e1rio de Viola Spolin. Editora Perspectiva.<\/li><li>BOAL, Augusto. Jogos para atores e n\u00e3o-atores. Editora Civiliza\u00e7\u00e3o Brasileira.<\/li><li>FERREIRA, Gustavo. Gatilhos Mentais: O Guia Completo com Estrat\u00e9gias de Neg\u00f3cios e Comunica\u00e7\u00f5es Provadas Para Voc\u00ea Aplicar. DVS EDITORA.<\/li><li>ABREU, Ant\u00f4nio Su\u00e1rez. A arte de argumentar: Gerenciando Raz\u00e3o e Emo\u00e7\u00e3o. Ateli\u00ea Editorial.<\/li><li>KLARIC, J\u00fcrgen. Neuro Orat\u00f3ria. Planeta Publishing <\/li><\/ul>\n","protected":false},"excerpt":{"rendered":"<p>EnCena Desenvolva narrativas atraentes, criativas e impactantes. Aprenda a usar sua voz, a linguagem corporal e a improvisar. Devo fazer o curso? A maioria das vezes em que precisamos expor nossas ideias, \u00e9 de improviso, sem suporte de materiais gr\u00e1ficos, v\u00eddeos ou \u00e1udios. Reuni\u00f5es, feedbacks, entrevistas e debates, intera\u00e7\u00f5es de trabalho e sociais s\u00e3o uma realidade cotidiana. Suas linguagens &#8211; verbal e n\u00e3o verbal &#8211; s\u00e3o fundamentais para gerar interesse e empatia com seus interlocutores. O curso aprofundar\u00e1 seus conhecimentos&hellip;<\/p>\n","protected":false},"author":1,"featured_media":0,"parent":110,"menu_order":0,"comment_status":"closed","ping_status":"closed","template":"","meta":{"footnotes":""},"class_list":["post-164","page","type-page","status-publish","hentry"],"rttpg_featured_image_url":null,"rttpg_author":{"display_name":"admin","author_link":"https:\/\/www.eduardomurad.com.br\/index.php\/author\/eduardomurad\/"},"rttpg_comment":0,"rttpg_category":null,"rttpg_excerpt":"EnCena Desenvolva narrativas atraentes, criativas e impactantes. Aprenda a usar sua voz, a linguagem corporal e a improvisar. Devo fazer o curso? A maioria das vezes em que precisamos expor nossas ideias, \u00e9 de improviso, sem suporte de materiais gr\u00e1ficos, v\u00eddeos ou \u00e1udios. Reuni\u00f5es, feedbacks, entrevistas e debates, intera\u00e7\u00f5es de trabalho e sociais s\u00e3o uma&hellip;","_links":{"self":[{"href":"https:\/\/www.eduardomurad.com.br\/index.php\/wp-json\/wp\/v2\/pages\/164","targetHints":{"allow":["GET"]}}],"collection":[{"href":"https:\/\/www.eduardomurad.com.br\/index.php\/wp-json\/wp\/v2\/pages"}],"about":[{"href":"https:\/\/www.eduardomurad.com.br\/index.php\/wp-json\/wp\/v2\/types\/page"}],"author":[{"embeddable":true,"href":"https:\/\/www.eduardomurad.com.br\/index.php\/wp-json\/wp\/v2\/users\/1"}],"replies":[{"embeddable":true,"href":"https:\/\/www.eduardomurad.com.br\/index.php\/wp-json\/wp\/v2\/comments?post=164"}],"version-history":[{"count":5,"href":"https:\/\/www.eduardomurad.com.br\/index.php\/wp-json\/wp\/v2\/pages\/164\/revisions"}],"predecessor-version":[{"id":2288,"href":"https:\/\/www.eduardomurad.com.br\/index.php\/wp-json\/wp\/v2\/pages\/164\/revisions\/2288"}],"up":[{"embeddable":true,"href":"https:\/\/www.eduardomurad.com.br\/index.php\/wp-json\/wp\/v2\/pages\/110"}],"wp:attachment":[{"href":"https:\/\/www.eduardomurad.com.br\/index.php\/wp-json\/wp\/v2\/media?parent=164"}],"curies":[{"name":"wp","href":"https:\/\/api.w.org\/{rel}","templated":true}]}}