{"id":171,"date":"2019-08-20T15:39:12","date_gmt":"2019-08-20T18:39:12","guid":{"rendered":"http:\/\/eduardomurad.com.br\/?page_id=171"},"modified":"2019-09-02T13:30:50","modified_gmt":"2019-09-02T16:30:50","slug":"elevator-ignition-pitch-sintese-e-impacto-na-venda-de-ideias-em-pouco-tempo","status":"publish","type":"page","link":"https:\/\/www.eduardomurad.com.br\/index.php\/cursos-abertos\/elevator-ignition-pitch-sintese-e-impacto-na-venda-de-ideias-em-pouco-tempo\/","title":{"rendered":""},"content":{"rendered":"\n<h2 class=\"wp-block-heading\">3. 2. 1&#8230;<\/h2>\n\n\n\n<h4 class=\"wp-block-heading\">Elevator &amp; Ignition Pitch: s\u00edntese e impacto na venda de ideias em pouco tempo.<\/h4>\n\n\n\n<p>Devo fazer?<\/p>\n\n\n\n<p>O tempo de aten\u00e7\u00e3o de um executivo, bem como de alunos em sala de aula \u00e9 cada vez menor. Mesmo em reuni\u00f5es ou intera\u00e7\u00f5es sociais, as pessoas preferem hist\u00f3rias curtas a longos relatos. Os <em>Pitchs<\/em> se tornaram o padr\u00e3o em projetos de <em>startups<\/em>, <em>hackathons<\/em> e em reuni\u00f5es gerenciais.<\/p>\n\n\n\n<p>O curso \u00e9 o <strong>3\u00ba m\u00f3dulo de 3<\/strong>. O participante ter\u00e1 diversas oportunidades de fazer apresenta\u00e7\u00f5es de 30 seg., 1, 3, 5 a at\u00e9 10 min. Trabalharemos a gest\u00e3o de tempo, a concis\u00e3o e a coes\u00e3o das narrativas. Aborda, de forma aprofundada, as estrat\u00e9gias de aberturas e fechamentos de impacto, bem como sa\u00eddas para respostas dif\u00edceis. Baseado na metodologia P.A.L.C.O. N, traz t\u00e9cnicas teatrais, PNL e <em>storytelling<\/em> como recursos adicionais.<\/p>\n\n\n\n<h4 class=\"wp-block-heading\">Objetivos Gerais<\/h4>\n\n\n\n<p>Desenvolver a capacidade de falar o essencial e convencer sua plateia. Aprofundar os conhecimentos em narrativas, objetividade e din\u00e2mica de palco.<\/p>\n\n\n\n<h4 class=\"wp-block-heading\">Dura\u00e7\u00e3o: 16h<\/h4>\n\n\n\n<h4 class=\"wp-block-heading\">Data e local da pr\u00f3xima turma:<strong>&nbsp;em aberto<\/strong><\/h4>\n\n\n\n<h4 class=\"wp-block-heading\">A quem se destina<\/h4>\n\n\n\n<p>Jovens profissionais em in\u00edcio de carreira que queiram se diferenciar no mercado.<\/p>\n\n\n\n<p>Executivos e empreendedores.<\/p>\n\n\n\n<p>Professores, palestrantes e pesquisadores.<\/p>\n\n\n\n<p>L\u00edderes organizacionais.<\/p>\n\n\n\n<p>Profissionais Liberais e aut\u00f4nomos.<\/p>\n\n\n\n<h4 class=\"wp-block-heading\">Programa do curso<\/h4>\n\n\n\n<ol class=\"wp-block-list\"><li>O roteiro de Impacto<ul><li>As caracter\u00edsticas do bom Pitch<\/li><li>Golden Circule do Pitch de Impacto.<\/li><li>Matriz de Impacto: temas x aberturas e fechamentos<\/li><li>Hierarquia da narrativa<\/li><li>S\u00edntese<\/li><\/ul><\/li><li>Conte uma hist\u00f3ria de Impacto<ul><li>A primeira e a \u00faltima impress\u00e3o<\/li><li>A dor (o problema ser resolvido)<\/li><li>O p\u00fablico alvo<\/li><li>O ambiente\/mercado<\/li><li>A solu\u00e7\u00e3o<\/li><li>A equipe<\/li><li>A hist\u00f3ria<\/li><\/ul><\/li><li>Perguntas e respostas<ul><li>Tipos de obje\u00e7\u00f5es<\/li><li>Responda perguntando<\/li><li>Verbos de ouro das obje\u00e7\u00f5es<\/li><li>Aprenda com as perguntas: do N\u00e3o ao SIM.<\/li><\/ul><\/li><li>Persuas\u00e3o<ul><li>A fala positiva<\/li><li>O conceito de persuas\u00e3o e seus limites<\/li><li>O segredo da persuas\u00e3o: o perfil e os valores de seu interlocutor<\/li><\/ul><\/li><li>Gest\u00e3o do tempo e treinamento<ul><li>Tempo de fala x de leitura<\/li><li>Automatizando a apresenta\u00e7\u00e3o<\/li><li>No tempo do metr\u00f4nomo<\/li><\/ul><\/li><\/ol>\n\n\n\n<h4 class=\"wp-block-heading\"><strong>Bibliografia<\/strong><\/h4>\n\n\n\n<ul class=\"wp-block-list\"><li>Inc. The Staff of Entrepreneur Media. Entrepreneur Voices on Elevator Pitches. Jonathan Small (editora).<\/li><li>BARCLAY, Linwood. Elevator Pitch. William Morrow &amp; Co (editora).<\/li><li>ALBANEZ, Juliana. Pitch. 3 Minutos Para Comunicar e Vender. Editora Figurati.<\/li><li>POLITO, Reinaldo. Como Falar de Improviso e Outras T\u00e9cnicas de Apresenta\u00e7\u00e3o. Benvir\u00e1 Editora.<\/li><li>SPOLIN, Viola. Jogos Teatrais: o fich\u00e1rio de Viola Spolin. Editora Perspectiva.<\/li><li>MCGOWAN, Bill, BOWMAN, Alisa. Perfect: How to Say It Right the First Time, Every Time. Copyright Material <\/li><\/ul>\n\n\n\n<p><\/p>\n","protected":false},"excerpt":{"rendered":"<p>3. 2. 1&#8230; Elevator &amp; Ignition Pitch: s\u00edntese e impacto na venda de ideias em pouco tempo. Devo fazer? O tempo de aten\u00e7\u00e3o de um executivo, bem como de alunos em sala de aula \u00e9 cada vez menor. Mesmo em reuni\u00f5es ou intera\u00e7\u00f5es sociais, as pessoas preferem hist\u00f3rias curtas a longos relatos. Os Pitchs se tornaram o padr\u00e3o em projetos de startups, hackathons e em reuni\u00f5es gerenciais. O curso \u00e9 o 3\u00ba m\u00f3dulo de 3. O participante ter\u00e1 diversas oportunidades&hellip;<\/p>\n","protected":false},"author":1,"featured_media":0,"parent":110,"menu_order":0,"comment_status":"closed","ping_status":"closed","template":"","meta":{"footnotes":""},"class_list":["post-171","page","type-page","status-publish","hentry"],"rttpg_featured_image_url":null,"rttpg_author":{"display_name":"admin","author_link":"https:\/\/www.eduardomurad.com.br\/index.php\/author\/eduardomurad\/"},"rttpg_comment":0,"rttpg_category":null,"rttpg_excerpt":"3. 2. 1&#8230; Elevator &amp; Ignition Pitch: s\u00edntese e impacto na venda de ideias em pouco tempo. Devo fazer? O tempo de aten\u00e7\u00e3o de um executivo, bem como de alunos em sala de aula \u00e9 cada vez menor. Mesmo em reuni\u00f5es ou intera\u00e7\u00f5es sociais, as pessoas preferem hist\u00f3rias curtas a longos relatos. Os Pitchs se&hellip;","_links":{"self":[{"href":"https:\/\/www.eduardomurad.com.br\/index.php\/wp-json\/wp\/v2\/pages\/171","targetHints":{"allow":["GET"]}}],"collection":[{"href":"https:\/\/www.eduardomurad.com.br\/index.php\/wp-json\/wp\/v2\/pages"}],"about":[{"href":"https:\/\/www.eduardomurad.com.br\/index.php\/wp-json\/wp\/v2\/types\/page"}],"author":[{"embeddable":true,"href":"https:\/\/www.eduardomurad.com.br\/index.php\/wp-json\/wp\/v2\/users\/1"}],"replies":[{"embeddable":true,"href":"https:\/\/www.eduardomurad.com.br\/index.php\/wp-json\/wp\/v2\/comments?post=171"}],"version-history":[{"count":6,"href":"https:\/\/www.eduardomurad.com.br\/index.php\/wp-json\/wp\/v2\/pages\/171\/revisions"}],"predecessor-version":[{"id":2290,"href":"https:\/\/www.eduardomurad.com.br\/index.php\/wp-json\/wp\/v2\/pages\/171\/revisions\/2290"}],"up":[{"embeddable":true,"href":"https:\/\/www.eduardomurad.com.br\/index.php\/wp-json\/wp\/v2\/pages\/110"}],"wp:attachment":[{"href":"https:\/\/www.eduardomurad.com.br\/index.php\/wp-json\/wp\/v2\/media?parent=171"}],"curies":[{"name":"wp","href":"https:\/\/api.w.org\/{rel}","templated":true}]}}