{"id":96,"date":"2019-08-12T19:10:44","date_gmt":"2019-08-12T22:10:44","guid":{"rendered":"http:\/\/eduardomurad.com.br\/?page_id=96"},"modified":"2019-09-08T22:36:57","modified_gmt":"2019-09-09T01:36:57","slug":"no-que-acreditamos","status":"publish","type":"page","link":"https:\/\/www.eduardomurad.com.br\/index.php\/no-que-acreditamos\/","title":{"rendered":""},"content":{"rendered":"\n<h2 class=\"wp-block-heading\">No que acreditamos<\/h2>\n\n\n\n<p>N\u00e3o temos produtos de prateleira quando trabalhamos com empresas ou desenvolvendo o potencial das pessoas. Trabalhamos com metodologias participativas de cocria\u00e7\u00e3o das solu\u00e7\u00f5es para cada empresa. Todo projeto traz a oportunidade de inovar e adensar as pr\u00e1ticas, as ferramentas e os conceitos adotados. Cada projeto \u00e9 <strong>\u00daNICO<\/strong>.<\/p>\n\n\n\n<p>Acreditamos que <strong>o principal ativo de uma organiza\u00e7\u00e3o \u00e9 o Capital Humano<\/strong>. A inova\u00e7\u00e3o, a vis\u00e3o estrat\u00e9gica, a reputa\u00e7\u00e3o, a marca e os diferenciais competitivos dependem das pessoas e da cultura organizacional.<\/p>\n\n\n\n<p>Um <strong>time de alto desempenho<\/strong> n\u00e3o nasce pronto \u00e9 desenvolvido nas rela\u00e7\u00f5es de trabalho, com o suporte da lideran\u00e7a e em experi\u00eancias de aprendizado ativas e acompanhadas. Tudo come\u00e7a na sele\u00e7\u00e3o, mas deve ser aprimorado continuadamente.<\/p>\n\n\n\n<p>Acreditamos\nque o professional do futuro ser\u00e1 multidisciplinar, com a capacidade de\naprender \u2013 desaprender \u2013 reaprender intensa e organicamente. Os <em>soft skills<\/em> ser\u00e3o t\u00e3o importantes quando\nos conhecimentos t\u00e9cnicos para a sobreviv\u00eancia das empresas.<\/p>\n\n\n\n<div class=\"wp-block-image\"><figure class=\"alignleft is-resized\"><img loading=\"lazy\" decoding=\"async\" src=\"http:\/\/eduardomurad.com.br\/wp-content\/uploads\/2019\/08\/cicloAprendizabem-1.png\" alt=\"\" class=\"wp-image-98\" width=\"304\" height=\"314\" srcset=\"https:\/\/www.eduardomurad.com.br\/wp-content\/uploads\/2019\/08\/cicloAprendizabem-1.png 675w, https:\/\/www.eduardomurad.com.br\/wp-content\/uploads\/2019\/08\/cicloAprendizabem-1-291x300.png 291w\" sizes=\"auto, (max-width: 304px) 100vw, 304px\" \/><figcaption>Ciclo de aprendizagem<\/figcaption><\/figure><\/div>\n\n\n\n<p>\u00c9 por isso que acreditamos em <strong>Desenvolvimento Ativo de Compet\u00eancias<\/strong> (<strong>D.A.C.),<\/strong> com atividades pr\u00e1ticas, vivenciais. Criar oportunidades de aplica\u00e7\u00e3o de conceitos e ferramentas, de acordo com a realidade da organiza\u00e7\u00e3o, com base no perfil da equipe e os objetivos organizacionais acelera os resultados e o desempenho das equipes. O aprendizado passa por um ciclo de sensibiliza\u00e7\u00e3o sobre o tema e sua relev\u00e2ncia, desenvolvimento das compet\u00eancias, habilidades e atitudes, oportuniza\u00e7\u00e3o de aplica\u00e7\u00e3o pr\u00e1tica dos novos conhecimentos e valoriza\u00e7\u00e3o dos resultados. \u00c9 um processo continuado em busca da excel\u00eancia.<\/p>\n\n\n\n<p>Nosso <strong>prop\u00f3sito<\/strong> \u00e9 ajudar pessoas, grupos ou empresas a se desenvolverem e atingirem seu potencial nas \u00e1reas de:<\/p>\n\n\n\n<ul class=\"wp-block-list\"><li>Lideran\u00e7a de alto desempenho.<\/li><li>Comunica\u00e7\u00e3o organizacional e Comunica\u00e7\u00e3o criativa e orat\u00f3ria<\/li><li>Inova\u00e7\u00e3o e empreendedorismo.<\/li><\/ul>\n\n\n\n<p>Atuamos de forma inovadora, mediando conhecimentos, estimulando comportamentos, habilidades e atitudes vencedoras. Para isso, adotamos metodologias ativas, estrat\u00e9gias de <em><strong>coach<\/strong><\/em>, <em><strong>mentoring<\/strong><\/em> e <strong><em>head training<\/em><\/strong> para o desenvolvimento de compet\u00eancias (<em><strong>hard<\/strong><\/em> e <em><strong>soft<\/strong><\/em>).<\/p>\n\n\n\n<p>Acreditamos que o profissional do futuro ser\u00e1 multifacetado, capaz de lidar com ambientes em constante mudan\u00e7a, um <strong>Mundo<\/strong> <strong>V.U.C.A.<\/strong> (Vol\u00e1til, Incerto, Complexo e Amb\u00edguo). Um cen\u00e1rio no qual os conhecimentos t\u00e9cnicos [<em>hard skills<\/em>] mudar\u00e3o de forma fren\u00e9tica, mas estar\u00e3o dispon\u00edveis na ponto dos dedos, em qualquer celular. O que puder, ser\u00e1 feito por m\u00e1quinas e Intelig\u00eancias Artificiais.<\/p>\n","protected":false},"excerpt":{"rendered":"<p>No que acreditamos N\u00e3o temos produtos de prateleira quando trabalhamos com empresas ou desenvolvendo o potencial das pessoas. Trabalhamos com metodologias participativas de cocria\u00e7\u00e3o das solu\u00e7\u00f5es para cada empresa. Todo projeto traz a oportunidade de inovar e adensar as pr\u00e1ticas, as ferramentas e os conceitos adotados. Cada projeto \u00e9 \u00daNICO. Acreditamos que o principal ativo de uma organiza\u00e7\u00e3o \u00e9 o Capital Humano. A inova\u00e7\u00e3o, a vis\u00e3o estrat\u00e9gica, a reputa\u00e7\u00e3o, a marca e os diferenciais competitivos dependem das pessoas e da&hellip;<\/p>\n","protected":false},"author":1,"featured_media":0,"parent":0,"menu_order":0,"comment_status":"closed","ping_status":"closed","template":"","meta":{"footnotes":""},"class_list":["post-96","page","type-page","status-publish","hentry"],"rttpg_featured_image_url":null,"rttpg_author":{"display_name":"admin","author_link":"https:\/\/www.eduardomurad.com.br\/index.php\/author\/eduardomurad\/"},"rttpg_comment":0,"rttpg_category":null,"rttpg_excerpt":"No que acreditamos N\u00e3o temos produtos de prateleira quando trabalhamos com empresas ou desenvolvendo o potencial das pessoas. Trabalhamos com metodologias participativas de cocria\u00e7\u00e3o das solu\u00e7\u00f5es para cada empresa. Todo projeto traz a oportunidade de inovar e adensar as pr\u00e1ticas, as ferramentas e os conceitos adotados. Cada projeto \u00e9 \u00daNICO. Acreditamos que o principal ativo&hellip;","_links":{"self":[{"href":"https:\/\/www.eduardomurad.com.br\/index.php\/wp-json\/wp\/v2\/pages\/96","targetHints":{"allow":["GET"]}}],"collection":[{"href":"https:\/\/www.eduardomurad.com.br\/index.php\/wp-json\/wp\/v2\/pages"}],"about":[{"href":"https:\/\/www.eduardomurad.com.br\/index.php\/wp-json\/wp\/v2\/types\/page"}],"author":[{"embeddable":true,"href":"https:\/\/www.eduardomurad.com.br\/index.php\/wp-json\/wp\/v2\/users\/1"}],"replies":[{"embeddable":true,"href":"https:\/\/www.eduardomurad.com.br\/index.php\/wp-json\/wp\/v2\/comments?post=96"}],"version-history":[{"count":7,"href":"https:\/\/www.eduardomurad.com.br\/index.php\/wp-json\/wp\/v2\/pages\/96\/revisions"}],"predecessor-version":[{"id":2354,"href":"https:\/\/www.eduardomurad.com.br\/index.php\/wp-json\/wp\/v2\/pages\/96\/revisions\/2354"}],"wp:attachment":[{"href":"https:\/\/www.eduardomurad.com.br\/index.php\/wp-json\/wp\/v2\/media?parent=96"}],"curies":[{"name":"wp","href":"https:\/\/api.w.org\/{rel}","templated":true}]}}